{"id":40,"date":"2015-06-12T10:00:25","date_gmt":"2015-06-12T10:00:25","guid":{"rendered":"http:\/\/nervi.gsminformatica.com\/?page_id=40"},"modified":"2015-06-18T08:50:23","modified_gmt":"2015-06-18T08:50:23","slug":"cookie-law","status":"publish","type":"page","link":"https:\/\/www.autotrasportinervi.com\/index.php\/cookie-law\/","title":{"rendered":"Cookie Law"},"content":{"rendered":"<div class=\"thn_post_wrap\">\n<h3 style=\"text-align: center;\">Privacy &amp; Cookies<\/h3>\n<p style=\"text-align: center;\">Privacy<br \/>\nAi sensi dell\u2019articolo 13 del D. Lgs 196\/2003 relativa alla tutela dei dati personali, la\u00a0 societ\u00e0 <span style=\"color: #000000;\"><em>Autotrasporti Nervi Pierantonio\u00a0 S.R.L.<\/em><\/span> garantisce la massima riservatezza dei dati personali da lei forniti, che vengono trattati anche elettronicamente da <span style=\"color: #000000;\"><em>Autotrasporti Nervi Pierantonio\u00a0 S.R.L.<\/em><\/span> stessa nel rispetto delle misure minime di sicurezza e secondo principi di correttezza, liceit\u00e0 e trasparenza ed utilizzati al fine di fornire al visitatore le informazioni richieste.<\/p>\n<p style=\"text-align: center;\">\n<p style=\"text-align: center;\">Cookies<br \/>\nInformativa in materia di cookies, sulla base di quanto previsto dalla direttiva europea 2009\/136.<br \/>\nUtilizzando il sito l\u2019utente acconsente espressamente all\u2019uso dei cookies, comunque \u00e8 sempre possibile rifiutare il consenso disattivando l\u2019uso dei cookies nel pannello dedicato di ciascun browser (Firefox, Internet Explorer, Chrome, Safari, Opera\u2026).<br \/>\nCosa sono i cookies: i cookie sono piccoli file di testo che i siti visitati dall\u2019utente inviano al suo terminale (solitamente al browser). Utilizzati per migliorare i servizi erogati da un sito, i cookie sono usati per eseguire ad esempio autenticazioni informatiche (ricordare i dati di login in modo da non doverli reimpostare ad ogni accesso), monitoraggio di sessioni e memorizzazione di informazioni specifiche riguardanti gli utenti che accedono al server e di norma sono presenti nel browser di ciascun utente in numero molto elevato. Alcune operazioni non potrebbero essere compiute senza l\u2019uso dei cookie, che in alcuni casi sono quindi tecnicamente necessari.<\/p>\n<p style=\"text-align: center;\">\nI cookie sono classificati in base alla durata e al sito che li ha impostati:<br \/>\nCookie di sessione: si eliminano alla chiusura del browser<br \/>\nCookie persistenti: si eliminano dopo un certo periodo fissato<br \/>\nCookie di prime parti: impostati dai siti Web stessi (con dominio uguale a quello indicato nella barra degli indirizzi del browser) e possono essere letti solo da tali siti. Vengono comunemente utilizzati per archiviare informazioni quali le preferenze, da utilizzare alle successive visite al sito.<br \/>\nCookie di terze parti: nel corso della navigazione su un sito, l\u2019utente pu\u00f2 ricevere sul suo terminale anche cookie di siti o di web server diversi; ci\u00f2 accade perch\u00e9 sul sito web visitato possono essere presenti elementi come, ad esempio, immagini, mappe, suoni, specifici link a pagine web di altri domini che risiedono su server diversi da quello sul quale si trova la pagina richiesta.<\/p>\n<p style=\"text-align: center;\">\nCome utilizziamo i cookies<br \/>\n\u2013 Cookies di prime parti (impostati dal presente sito):<br \/>\nQuesto sito utilizza cookie tecnici per alcune procedure di navigazione. Tali cookies non contengono dati personali e durano per la sola sessione in corso.<br \/>\n\u2013 Cookies di terze parti:<\/p>\n<p style=\"text-align: center;\">\nIn alcune pagine del sito si utilizza Google Maps (elemento incorporato). Per ulteriori informazioni sull\u2019uso dei dati e sul loro trattamento da parte di Google si raccomanda di prendere visione delle informazioni al seguente indirizzo internet: http:\/\/www.google.com\/intl\/it\/policies\/privacy\/.<br \/>\nQualora nel sito Web venisse rilevato un cookie di terze parti (Questo vale soprattutto nei casi in cui la pagina Web contenga i cosiddetti elementi incorporati: testi, documenti, immagini o brevi filmati che sono archiviati altrove, ma vengono visualizzati nel o attraverso il nostro sito Web) potete contattare direttamente le terze parti interessate e chiedere informazioni sui cookie che inviano.<\/p>\n<p style=\"text-align: center;\">\nCome controllare, disabilitare e cancellare i cookies<br \/>\nIl presente sito non utilizza cookies per raccogliere dati personali. Comunque \u00e8 possibile limitare o bloccare i cookies incontrati nella navigazione del presente sito attraverso l\u2019impostazione nel pannello dedicato del browser.<br \/>\nI cookie sono normali file di testo, \u00e8 quindi possibile accedervi utilizzando la maggior parte degli editor di testo o dei programmi di elaborazione testi. Per aprirli, \u00e8 sufficiente fare clic su di essi. Per informazioni su come eseguire questo controllo fate riferimento alle informazioni sui cookie fornite dal browser stesso. Se utilizzate un telefono cellulare, consultate il relativo manuale per reperire ulteriori informazioni.<br \/>\nIn ogni browser le operazioni di limitazione o blocco dei cookies vengono impostate seguendo una diversa procedura. Per definire le impostazioni corrette utilizzate la funzione di Guida del browser. Per limitare o disattivare i cookie su un telefono cellulare, consultate il relativo manuale per reperire ulteriori informazioni.<br \/>\nInformazioni pi\u00f9 dettagliate relative ai cookie su Internet sono disponibili all\u2019indirizzo http:\/\/www.aboutcookies.org\/<br \/>\nVi avvisiamo che la limitazione o disattivazione dei cookies potrebbero non garantire un corretto funzionamento del sito web.<br \/>\nA causa di eventuali modifiche al nostro sito Web o alle normative riguardanti i cookie, \u00e8 possibile che queste informative vengano periodicamente modificate. Siamo pertanto autorizzati a cambiare i contenuti delle informative e i cookie indicati nell\u2019elenco in qualsiasi momento e senza preavviso. La versione pi\u00f9 aggiornata pu\u00f2 essere consultata in questa pagina Web.<\/p>\n<\/div>\n","protected":false},"excerpt":{"rendered":"<p>Privacy &amp; Cookies Privacy Ai sensi dell\u2019articolo 13 del D. Lgs 196\/2003 relativa alla tutela dei dati personali, la\u00a0 societ\u00e0 Autotrasporti Nervi Pierantonio\u00a0 S.R.L. garantisce la massima riservatezza dei dati personali da lei forniti, che vengono trattati anche elettronicamente da Autotrasporti Nervi Pierantonio\u00a0 S.R.L. stessa nel rispetto delle misure minime di sicurezza e secondo principi<br \/><a class=\"moretag\" href=\"https:\/\/www.autotrasportinervi.com\/index.php\/cookie-law\/\">+ Per saperne di pi\u00f9<\/a><\/p>\n","protected":false},"author":1,"featured_media":0,"parent":0,"menu_order":0,"comment_status":"closed","ping_status":"closed","template":"page-fullwidth.php","meta":{"footnotes":""},"_links":{"self":[{"href":"https:\/\/www.autotrasportinervi.com\/index.php\/wp-json\/wp\/v2\/pages\/40"}],"collection":[{"href":"https:\/\/www.autotrasportinervi.com\/index.php\/wp-json\/wp\/v2\/pages"}],"about":[{"href":"https:\/\/www.autotrasportinervi.com\/index.php\/wp-json\/wp\/v2\/types\/page"}],"author":[{"embeddable":true,"href":"https:\/\/www.autotrasportinervi.com\/index.php\/wp-json\/wp\/v2\/users\/1"}],"replies":[{"embeddable":true,"href":"https:\/\/www.autotrasportinervi.com\/index.php\/wp-json\/wp\/v2\/comments?post=40"}],"version-history":[{"count":3,"href":"https:\/\/www.autotrasportinervi.com\/index.php\/wp-json\/wp\/v2\/pages\/40\/revisions"}],"predecessor-version":[{"id":119,"href":"https:\/\/www.autotrasportinervi.com\/index.php\/wp-json\/wp\/v2\/pages\/40\/revisions\/119"}],"wp:attachment":[{"href":"https:\/\/www.autotrasportinervi.com\/index.php\/wp-json\/wp\/v2\/media?parent=40"}],"curies":[{"name":"wp","href":"https:\/\/api.w.org\/{rel}","templated":true}]}}